{"id":1505,"date":"2024-11-05T16:21:15","date_gmt":"2024-11-05T15:21:15","guid":{"rendered":"https:\/\/www.noemis-group.com\/?page_id=1505"},"modified":"2024-11-07T11:11:20","modified_gmt":"2024-11-07T10:11:20","slug":"actualite-cinodis","status":"publish","type":"page","link":"https:\/\/www.noemis-group.com\/en\/actualite-cinodis\/","title":{"rendered":"Actualit\u00e9 Cinodis"},"content":{"rendered":"<div data-elementor-type=\"wp-page\" data-elementor-id=\"1505\" class=\"elementor elementor-1505\" data-elementor-post-type=\"page\">\n\t\t\t\t<div class=\"elementor-element elementor-element-74457b2e e-flex e-con-boxed e-con e-parent\" data-id=\"74457b2e\" data-element_type=\"container\" data-e-type=\"container\" data-settings=\"{&quot;background_background&quot;:&quot;classic&quot;}\">\n\t\t\t\t\t<div class=\"e-con-inner\">\n\t\t<div class=\"elementor-element elementor-element-735dc0cd e-con-full e-flex e-con e-child\" data-id=\"735dc0cd\" data-element_type=\"container\" data-e-type=\"container\">\n\t\t\t\t<div class=\"elementor-element elementor-element-364f567 elementor-widget elementor-widget-image\" data-id=\"364f567\" data-element_type=\"widget\" data-e-type=\"widget\" data-widget_type=\"image.default\">\n\t\t\t\t<div class=\"elementor-widget-container\">\n\t\t\t\t\t\t\t\t\t\t\t\t\t\t\t<img decoding=\"async\" width=\"178\" height=\"182\" src=\"https:\/\/www.noemis-group.com\/wp-content\/uploads\/2024\/11\/Cinodis-FAV2.png\" class=\"attachment-full size-full wp-image-1513\" alt=\"\" srcset=\"https:\/\/www.noemis-group.com\/wp-content\/uploads\/2024\/11\/Cinodis-FAV2.png 178w, https:\/\/www.noemis-group.com\/wp-content\/uploads\/2024\/11\/Cinodis-FAV2-12x12.png 12w\" sizes=\"(max-width: 178px) 100vw, 178px\" \/>\t\t\t\t\t\t\t\t\t\t\t\t\t\t\t<\/div>\n\t\t\t\t<\/div>\n\t\t\t\t<\/div>\n\t\t<div class=\"elementor-element elementor-element-38fa98e1 e-con-full e-flex e-con e-child\" data-id=\"38fa98e1\" data-element_type=\"container\" data-e-type=\"container\">\n\t\t\t\t<div class=\"elementor-element elementor-element-1ed4f5a7 elementor-widget elementor-widget-heading\" data-id=\"1ed4f5a7\" data-element_type=\"widget\" data-e-type=\"widget\" data-widget_type=\"heading.default\">\n\t\t\t\t<div class=\"elementor-widget-container\">\n\t\t\t\t\t<h1 class=\"elementor-heading-title elementor-size-default\">Cinodis joins Noemis group<\/h1>\t\t\t\t<\/div>\n\t\t\t\t<\/div>\n\t\t\t\t<div class=\"elementor-element elementor-element-634a391b elementor-widget elementor-widget-text-editor\" data-id=\"634a391b\" data-element_type=\"widget\" data-e-type=\"widget\" data-widget_type=\"text-editor.default\">\n\t\t\t\t<div class=\"elementor-widget-container\">\n\t\t\t\t\t\t\t\t\t<p>Noemis Group announces the acquisition of Cinodis, a specialized distributor in telecom, video surveillance and access control. This strategic acquisition is intended to strengthen the group's offering in telecommunications and electronic security, and opens up new growth opportunities in France and beyond.<\/p>\t\t\t\t\t\t\t\t<\/div>\n\t\t\t\t<\/div>\n\t\t\t\t<\/div>\n\t\t\t\t\t<\/div>\n\t\t\t\t<\/div>\n\t\t<div class=\"elementor-element elementor-element-1f9aab0 e-flex e-con-boxed e-con e-parent\" data-id=\"1f9aab0\" data-element_type=\"container\" data-e-type=\"container\" data-settings=\"{&quot;background_background&quot;:&quot;classic&quot;}\">\n\t\t\t\t\t<div class=\"e-con-inner\">\n\t\t\t\t<div class=\"elementor-element elementor-element-73fd554f elementor-hidden-mobile elementor-widget elementor-widget-spacer\" data-id=\"73fd554f\" data-element_type=\"widget\" data-e-type=\"widget\" data-widget_type=\"spacer.default\">\n\t\t\t\t<div class=\"elementor-widget-container\">\n\t\t\t\t\t\t\t<div class=\"elementor-spacer\">\n\t\t\t<div class=\"elementor-spacer-inner\"><\/div>\n\t\t<\/div>\n\t\t\t\t\t\t<\/div>\n\t\t\t\t<\/div>\n\t\t\t\t\t<\/div>\n\t\t\t\t<\/div>\n\t\t<div class=\"elementor-element elementor-element-1492dd1d e-flex e-con-boxed e-con e-parent\" data-id=\"1492dd1d\" data-element_type=\"container\" data-e-type=\"container\">\n\t\t\t\t\t<div class=\"e-con-inner\">\n\t\t\t\t<div class=\"elementor-element elementor-element-9950e7d elementor-widget elementor-widget-image\" data-id=\"9950e7d\" data-element_type=\"widget\" data-e-type=\"widget\" data-widget_type=\"image.default\">\n\t\t\t\t<div class=\"elementor-widget-container\">\n\t\t\t\t\t\t\t\t\t\t\t\t\t\t\t<img fetchpriority=\"high\" decoding=\"async\" width=\"1108\" height=\"608\" src=\"https:\/\/www.noemis-group.com\/wp-content\/uploads\/2024\/11\/Cinodis-article-1-1.png\" class=\"attachment-full size-full wp-image-1554\" alt=\"Cinodis\" srcset=\"https:\/\/www.noemis-group.com\/wp-content\/uploads\/2024\/11\/Cinodis-article-1-1.png 1108w, https:\/\/www.noemis-group.com\/wp-content\/uploads\/2024\/11\/Cinodis-article-1-1-300x165.png 300w, https:\/\/www.noemis-group.com\/wp-content\/uploads\/2024\/11\/Cinodis-article-1-1-1024x562.png 1024w, https:\/\/www.noemis-group.com\/wp-content\/uploads\/2024\/11\/Cinodis-article-1-1-768x421.png 768w, https:\/\/www.noemis-group.com\/wp-content\/uploads\/2024\/11\/Cinodis-article-1-1-18x10.png 18w\" sizes=\"(max-width: 1108px) 100vw, 1108px\" \/>\t\t\t\t\t\t\t\t\t\t\t\t\t\t\t<\/div>\n\t\t\t\t<\/div>\n\t\t\t\t\t<\/div>\n\t\t\t\t<\/div>\n\t\t<div class=\"elementor-element elementor-element-373545e2 e-flex e-con-boxed e-con e-parent\" data-id=\"373545e2\" data-element_type=\"container\" data-e-type=\"container\">\n\t\t\t\t\t<div class=\"e-con-inner\">\n\t\t\t\t<div class=\"elementor-element elementor-element-7efde2cd elementor-widget elementor-widget-spacer\" data-id=\"7efde2cd\" data-element_type=\"widget\" data-e-type=\"widget\" data-widget_type=\"spacer.default\">\n\t\t\t\t<div class=\"elementor-widget-container\">\n\t\t\t\t\t\t\t<div class=\"elementor-spacer\">\n\t\t\t<div class=\"elementor-spacer-inner\"><\/div>\n\t\t<\/div>\n\t\t\t\t\t\t<\/div>\n\t\t\t\t<\/div>\n\t\t\t\t\t<\/div>\n\t\t\t\t<\/div>\n\t\t<div class=\"elementor-element elementor-element-35c826b2 e-flex e-con-boxed e-con e-parent\" data-id=\"35c826b2\" data-element_type=\"container\" data-e-type=\"container\">\n\t\t\t\t\t<div class=\"e-con-inner\">\n\t\t<div class=\"elementor-element elementor-element-5fd94264 e-con-full e-flex e-con e-child\" data-id=\"5fd94264\" data-element_type=\"container\" data-e-type=\"container\">\n\t\t\t\t<\/div>\n\t\t<div class=\"elementor-element elementor-element-1930bd78 e-con-full e-flex e-con e-child\" data-id=\"1930bd78\" data-element_type=\"container\" data-e-type=\"container\">\n\t\t\t\t<div class=\"elementor-element elementor-element-322f864 elementor-widget elementor-widget-heading\" data-id=\"322f864\" data-element_type=\"widget\" data-e-type=\"widget\" data-widget_type=\"heading.default\">\n\t\t\t\t<div class=\"elementor-widget-container\">\n\t\t\t\t\t<h2 class=\"elementor-heading-title elementor-size-default\">Technological synergy for cutting-edge solutions<\/h2>\t\t\t\t<\/div>\n\t\t\t\t<\/div>\n\t\t\t\t<div class=\"elementor-element elementor-element-245b19b8 elementor-widget elementor-widget-text-editor\" data-id=\"245b19b8\" data-element_type=\"widget\" data-e-type=\"widget\" data-widget_type=\"text-editor.default\">\n\t\t\t\t<div class=\"elementor-widget-container\">\n\t\t\t\t\t\t\t\t\t<p>The integration of Cinodis into Noemis Group will enrich the offering of cutting-edge solutions for the security, connected building and network infrastructure sectors. By joining forces, the two entities will develop technological and operational synergies in order to respond ever more precisely to the needs of their customers.<\/p><p>Florian Vandamme, dirigeant actuel de Cinodis, continuera de piloter la soci\u00e9t\u00e9 au sein du groupe, tout en conservant une ind\u00e9pendance op\u00e9rationnelle, permettant ainsi de conserver l&rsquo;expertise et la proximit\u00e9 qui ont fait le succ\u00e8s de Cinodis. \u00ab Ce rapprochement avec Noemis Group nous offre une opportunit\u00e9 unique de multiplier les synergies, tout en conservant notre ind\u00e9pendance op\u00e9rationnelle \u00bb, d\u00e9clare-t-il.<\/p>\t\t\t\t\t\t\t\t<\/div>\n\t\t\t\t<\/div>\n\t\t\t\t<div class=\"elementor-element elementor-element-3ab4919b elementor-widget elementor-widget-heading\" data-id=\"3ab4919b\" data-element_type=\"widget\" data-e-type=\"widget\" data-widget_type=\"heading.default\">\n\t\t\t\t<div class=\"elementor-widget-container\">\n\t\t\t\t\t<h2 class=\"elementor-heading-title elementor-size-default\">Growth and innovation at the heart of the group\u2019s strategy<\/h2>\t\t\t\t<\/div>\n\t\t\t\t<\/div>\n\t\t\t\t<div class=\"elementor-element elementor-element-44b21d1b elementor-widget elementor-widget-text-editor\" data-id=\"44b21d1b\" data-element_type=\"widget\" data-e-type=\"widget\" data-widget_type=\"text-editor.default\">\n\t\t\t\t<div class=\"elementor-widget-container\">\n\t\t\t\t\t\t\t\t\t<p>For Guillaume Poughon, head of Noemis Group, this acquisition marks an important step in the group's strategy of continuous innovation: \"By joining forces, we are creating an exceptional dynamic that will allow us to respond in an ever more relevant way to market expectations.\"<\/p><p>Avec Cinodis, Noemis Group renforce son expertise en mati\u00e8re de solutions IP, allant des infrastructures r\u00e9seaux aux syst\u00e8mes de contr\u00f4le d&rsquo;acc\u00e8s et de vid\u00e9oprotection. Bas\u00e9e \u00e0 Roissy, Cinodis se positionne comme un acteur incontournable sur le march\u00e9 des solutions t\u00e9l\u00e9coms en France, offrant une approche sur-mesure, des capacit\u00e9s logistiques r\u00e9actives et une vision innovante reconnue par les acteurs de l&rsquo;industrie.<\/p>\t\t\t\t\t\t\t\t<\/div>\n\t\t\t\t<\/div>\n\t\t\t\t<div class=\"elementor-element elementor-element-65afc0b7 elementor-mobile-align-center elementor-widget elementor-widget-button\" data-id=\"65afc0b7\" data-element_type=\"widget\" data-e-type=\"widget\" data-widget_type=\"button.default\">\n\t\t\t\t<div class=\"elementor-widget-container\">\n\t\t\t\t\t\t\t\t\t<div class=\"elementor-button-wrapper\">\n\t\t\t\t\t<a class=\"elementor-button elementor-button-link elementor-size-sm\" href=\"https:\/\/www.noemis-group.com\/wp-content\/uploads\/2024\/11\/CP_Noemis_Cinodis.pdf\">\n\t\t\t\t\t\t<span class=\"elementor-button-content-wrapper\">\n\t\t\t\t\t\t\t\t\t<span class=\"elementor-button-text\">Download press release<\/span>\n\t\t\t\t\t<\/span>\n\t\t\t\t\t<\/a>\n\t\t\t\t<\/div>\n\t\t\t\t\t\t\t\t<\/div>\n\t\t\t\t<\/div>\n\t\t\t\t<\/div>\n\t\t\t\t\t<\/div>\n\t\t\t\t<\/div>\n\t\t<div class=\"elementor-element elementor-element-36cd4c25 e-flex e-con-boxed e-con e-parent\" data-id=\"36cd4c25\" data-element_type=\"container\" data-e-type=\"container\">\n\t\t\t\t\t<div class=\"e-con-inner\">\n\t\t\t\t<div class=\"elementor-element elementor-element-525db803 elementor-widget elementor-widget-spacer\" data-id=\"525db803\" data-element_type=\"widget\" data-e-type=\"widget\" data-widget_type=\"spacer.default\">\n\t\t\t\t<div class=\"elementor-widget-container\">\n\t\t\t\t\t\t\t<div class=\"elementor-spacer\">\n\t\t\t<div class=\"elementor-spacer-inner\"><\/div>\n\t\t<\/div>\n\t\t\t\t\t\t<\/div>\n\t\t\t\t<\/div>\n\t\t\t\t\t<\/div>\n\t\t\t\t<\/div>\n\t\t\t\t<\/div>","protected":false},"excerpt":{"rendered":"<p>Cinodis rejoint Noemis group Noemis Group annonce l&rsquo;acquisition de Cinodis, distributeur sp\u00e9cialis\u00e9 dans les solutions d&rsquo;acc\u00e8s t\u00e9l\u00e9coms, la vid\u00e9oprotection et le contr\u00f4le d&rsquo;acc\u00e8s. Cette acquisition strat\u00e9gique s&rsquo;inscrit dans une dynamique de renforcement de l&rsquo;offre du groupe en mati\u00e8re de t\u00e9l\u00e9communications et de s\u00e9curit\u00e9 \u00e9lectronique, et ouvre de nouvelles opportunit\u00e9s de croissance en France et \u00e0 [&hellip;]<\/p>","protected":false},"author":1,"featured_media":0,"parent":0,"menu_order":0,"comment_status":"closed","ping_status":"closed","template":"elementor_header_footer","meta":{"footnotes":""},"class_list":["post-1505","page","type-page","status-publish","hentry"],"yoast_head":"<!-- This site is optimized with the Yoast SEO plugin v25.4 - https:\/\/yoast.com\/wordpress\/plugins\/seo\/ -->\n<title>Actualit\u00e9 Cinodis - Noemis group<\/title>\n<meta name=\"robots\" content=\"index, follow, max-snippet:-1, max-image-preview:large, max-video-preview:-1\" \/>\n<link rel=\"canonical\" href=\"https:\/\/www.noemis-group.com\/en\/actualite-cinodis\/\" \/>\n<meta property=\"og:locale\" content=\"en_GB\" \/>\n<meta property=\"og:type\" content=\"article\" \/>\n<meta property=\"og:title\" content=\"Actualit\u00e9 Cinodis - Noemis group\" \/>\n<meta property=\"og:description\" content=\"Cinodis rejoint Noemis group Noemis Group annonce l&rsquo;acquisition de Cinodis, distributeur sp\u00e9cialis\u00e9 dans les solutions d&rsquo;acc\u00e8s t\u00e9l\u00e9coms, la vid\u00e9oprotection et le contr\u00f4le d&rsquo;acc\u00e8s. Cette acquisition strat\u00e9gique s&rsquo;inscrit dans une dynamique de renforcement de l&rsquo;offre du groupe en mati\u00e8re de t\u00e9l\u00e9communications et de s\u00e9curit\u00e9 \u00e9lectronique, et ouvre de nouvelles opportunit\u00e9s de croissance en France et \u00e0 [&hellip;]\" \/>\n<meta property=\"og:url\" content=\"https:\/\/www.noemis-group.com\/en\/actualite-cinodis\/\" \/>\n<meta property=\"og:site_name\" content=\"Noemis group\" \/>\n<meta property=\"article:modified_time\" content=\"2024-11-07T10:11:20+00:00\" \/>\n<meta property=\"og:image\" content=\"https:\/\/www.noemis-group.com\/wp-content\/uploads\/2024\/11\/Cinodis-FAV2.png\" \/>\n<meta name=\"twitter:card\" content=\"summary_large_image\" \/>\n<meta name=\"twitter:label1\" content=\"Estimated reading time\" \/>\n\t<meta name=\"twitter:data1\" content=\"2 minutes\" \/>\n<script type=\"application\/ld+json\" class=\"yoast-schema-graph\">{\"@context\":\"https:\/\/schema.org\",\"@graph\":[{\"@type\":\"WebPage\",\"@id\":\"https:\/\/www.noemis-group.com\/actualite-cinodis\/\",\"url\":\"https:\/\/www.noemis-group.com\/actualite-cinodis\/\",\"name\":\"Actualit\u00e9 Cinodis - Noemis group\",\"isPartOf\":{\"@id\":\"https:\/\/www.noemis-group.com\/#website\"},\"primaryImageOfPage\":{\"@id\":\"https:\/\/www.noemis-group.com\/actualite-cinodis\/#primaryimage\"},\"image\":{\"@id\":\"https:\/\/www.noemis-group.com\/actualite-cinodis\/#primaryimage\"},\"thumbnailUrl\":\"https:\/\/www.noemis-group.com\/wp-content\/uploads\/2024\/11\/Cinodis-FAV2.png\",\"datePublished\":\"2024-11-05T15:21:15+00:00\",\"dateModified\":\"2024-11-07T10:11:20+00:00\",\"breadcrumb\":{\"@id\":\"https:\/\/www.noemis-group.com\/actualite-cinodis\/#breadcrumb\"},\"inLanguage\":\"en-GB\",\"potentialAction\":[{\"@type\":\"ReadAction\",\"target\":[\"https:\/\/www.noemis-group.com\/actualite-cinodis\/\"]}]},{\"@type\":\"ImageObject\",\"inLanguage\":\"en-GB\",\"@id\":\"https:\/\/www.noemis-group.com\/actualite-cinodis\/#primaryimage\",\"url\":\"https:\/\/www.noemis-group.com\/wp-content\/uploads\/2024\/11\/Cinodis-FAV2.png\",\"contentUrl\":\"https:\/\/www.noemis-group.com\/wp-content\/uploads\/2024\/11\/Cinodis-FAV2.png\"},{\"@type\":\"BreadcrumbList\",\"@id\":\"https:\/\/www.noemis-group.com\/actualite-cinodis\/#breadcrumb\",\"itemListElement\":[{\"@type\":\"ListItem\",\"position\":1,\"name\":\"Accueil\",\"item\":\"https:\/\/www.noemis-group.com\/\"},{\"@type\":\"ListItem\",\"position\":2,\"name\":\"Actualit\u00e9 Cinodis\"}]},{\"@type\":\"WebSite\",\"@id\":\"https:\/\/www.noemis-group.com\/#website\",\"url\":\"https:\/\/www.noemis-group.com\/\",\"name\":\"Noemis group\",\"description\":\"\",\"publisher\":{\"@id\":\"https:\/\/www.noemis-group.com\/#organization\"},\"potentialAction\":[{\"@type\":\"SearchAction\",\"target\":{\"@type\":\"EntryPoint\",\"urlTemplate\":\"https:\/\/www.noemis-group.com\/?s={search_term_string}\"},\"query-input\":{\"@type\":\"PropertyValueSpecification\",\"valueRequired\":true,\"valueName\":\"search_term_string\"}}],\"inLanguage\":\"en-GB\"},{\"@type\":\"Organization\",\"@id\":\"https:\/\/www.noemis-group.com\/#organization\",\"name\":\"Noemis group\",\"url\":\"https:\/\/www.noemis-group.com\/\",\"logo\":{\"@type\":\"ImageObject\",\"inLanguage\":\"en-GB\",\"@id\":\"https:\/\/www.noemis-group.com\/#\/schema\/logo\/image\/\",\"url\":\"https:\/\/www.noemis-group.com\/wp-content\/uploads\/2024\/07\/Logo-NOmeis-PRESTAA.png\",\"contentUrl\":\"https:\/\/www.noemis-group.com\/wp-content\/uploads\/2024\/07\/Logo-NOmeis-PRESTAA.png\",\"width\":350,\"height\":101,\"caption\":\"Noemis group\"},\"image\":{\"@id\":\"https:\/\/www.noemis-group.com\/#\/schema\/logo\/image\/\"},\"sameAs\":[\"https:\/\/www.linkedin.com\/company\/104331667\/\"]}]}<\/script>\n<!-- \/ Yoast SEO plugin. -->","yoast_head_json":{"title":"Actualit\u00e9 Cinodis - Noemis group","robots":{"index":"index","follow":"follow","max-snippet":"max-snippet:-1","max-image-preview":"max-image-preview:large","max-video-preview":"max-video-preview:-1"},"canonical":"https:\/\/www.noemis-group.com\/en\/actualite-cinodis\/","og_locale":"en_GB","og_type":"article","og_title":"Actualit\u00e9 Cinodis - Noemis group","og_description":"Cinodis rejoint Noemis group Noemis Group annonce l&rsquo;acquisition de Cinodis, distributeur sp\u00e9cialis\u00e9 dans les solutions d&rsquo;acc\u00e8s t\u00e9l\u00e9coms, la vid\u00e9oprotection et le contr\u00f4le d&rsquo;acc\u00e8s. Cette acquisition strat\u00e9gique s&rsquo;inscrit dans une dynamique de renforcement de l&rsquo;offre du groupe en mati\u00e8re de t\u00e9l\u00e9communications et de s\u00e9curit\u00e9 \u00e9lectronique, et ouvre de nouvelles opportunit\u00e9s de croissance en France et \u00e0 [&hellip;]","og_url":"https:\/\/www.noemis-group.com\/en\/actualite-cinodis\/","og_site_name":"Noemis group","article_modified_time":"2024-11-07T10:11:20+00:00","og_image":[{"url":"https:\/\/www.noemis-group.com\/wp-content\/uploads\/2024\/11\/Cinodis-FAV2.png","type":"","width":"","height":""}],"twitter_card":"summary_large_image","twitter_misc":{"Estimated reading time":"2 minutes"},"schema":{"@context":"https:\/\/schema.org","@graph":[{"@type":"WebPage","@id":"https:\/\/www.noemis-group.com\/actualite-cinodis\/","url":"https:\/\/www.noemis-group.com\/actualite-cinodis\/","name":"Actualit\u00e9 Cinodis - Noemis group","isPartOf":{"@id":"https:\/\/www.noemis-group.com\/#website"},"primaryImageOfPage":{"@id":"https:\/\/www.noemis-group.com\/actualite-cinodis\/#primaryimage"},"image":{"@id":"https:\/\/www.noemis-group.com\/actualite-cinodis\/#primaryimage"},"thumbnailUrl":"https:\/\/www.noemis-group.com\/wp-content\/uploads\/2024\/11\/Cinodis-FAV2.png","datePublished":"2024-11-05T15:21:15+00:00","dateModified":"2024-11-07T10:11:20+00:00","breadcrumb":{"@id":"https:\/\/www.noemis-group.com\/actualite-cinodis\/#breadcrumb"},"inLanguage":"en-GB","potentialAction":[{"@type":"ReadAction","target":["https:\/\/www.noemis-group.com\/actualite-cinodis\/"]}]},{"@type":"ImageObject","inLanguage":"en-GB","@id":"https:\/\/www.noemis-group.com\/actualite-cinodis\/#primaryimage","url":"https:\/\/www.noemis-group.com\/wp-content\/uploads\/2024\/11\/Cinodis-FAV2.png","contentUrl":"https:\/\/www.noemis-group.com\/wp-content\/uploads\/2024\/11\/Cinodis-FAV2.png"},{"@type":"BreadcrumbList","@id":"https:\/\/www.noemis-group.com\/actualite-cinodis\/#breadcrumb","itemListElement":[{"@type":"ListItem","position":1,"name":"Accueil","item":"https:\/\/www.noemis-group.com\/"},{"@type":"ListItem","position":2,"name":"Actualit\u00e9 Cinodis"}]},{"@type":"WebSite","@id":"https:\/\/www.noemis-group.com\/#website","url":"https:\/\/www.noemis-group.com\/","name":"Noemis group","description":"","publisher":{"@id":"https:\/\/www.noemis-group.com\/#organization"},"potentialAction":[{"@type":"SearchAction","target":{"@type":"EntryPoint","urlTemplate":"https:\/\/www.noemis-group.com\/?s={search_term_string}"},"query-input":{"@type":"PropertyValueSpecification","valueRequired":true,"valueName":"search_term_string"}}],"inLanguage":"en-GB"},{"@type":"Organization","@id":"https:\/\/www.noemis-group.com\/#organization","name":"Noemis group","url":"https:\/\/www.noemis-group.com\/","logo":{"@type":"ImageObject","inLanguage":"en-GB","@id":"https:\/\/www.noemis-group.com\/#\/schema\/logo\/image\/","url":"https:\/\/www.noemis-group.com\/wp-content\/uploads\/2024\/07\/Logo-NOmeis-PRESTAA.png","contentUrl":"https:\/\/www.noemis-group.com\/wp-content\/uploads\/2024\/07\/Logo-NOmeis-PRESTAA.png","width":350,"height":101,"caption":"Noemis group"},"image":{"@id":"https:\/\/www.noemis-group.com\/#\/schema\/logo\/image\/"},"sameAs":["https:\/\/www.linkedin.com\/company\/104331667\/"]}]}},"_links":{"self":[{"href":"https:\/\/www.noemis-group.com\/en\/wp-json\/wp\/v2\/pages\/1505","targetHints":{"allow":["GET"]}}],"collection":[{"href":"https:\/\/www.noemis-group.com\/en\/wp-json\/wp\/v2\/pages"}],"about":[{"href":"https:\/\/www.noemis-group.com\/en\/wp-json\/wp\/v2\/types\/page"}],"author":[{"embeddable":true,"href":"https:\/\/www.noemis-group.com\/en\/wp-json\/wp\/v2\/users\/1"}],"replies":[{"embeddable":true,"href":"https:\/\/www.noemis-group.com\/en\/wp-json\/wp\/v2\/comments?post=1505"}],"version-history":[{"count":29,"href":"https:\/\/www.noemis-group.com\/en\/wp-json\/wp\/v2\/pages\/1505\/revisions"}],"predecessor-version":[{"id":1565,"href":"https:\/\/www.noemis-group.com\/en\/wp-json\/wp\/v2\/pages\/1505\/revisions\/1565"}],"wp:attachment":[{"href":"https:\/\/www.noemis-group.com\/en\/wp-json\/wp\/v2\/media?parent=1505"}],"curies":[{"name":"wp","href":"https:\/\/api.w.org\/{rel}","templated":true}]}}