{"id":638,"date":"2024-07-26T12:00:31","date_gmt":"2024-07-26T10:00:31","guid":{"rendered":"https:\/\/ndev-group.com\/?page_id=638"},"modified":"2024-07-29T15:58:02","modified_gmt":"2024-07-29T13:58:02","slug":"ncs-scaline","status":"publish","type":"page","link":"https:\/\/www.noemis-group.com\/en\/ncs-scaline\/","title":{"rendered":"Actualit\u00e9 NCS Scaline"},"content":{"rendered":"<div data-elementor-type=\"wp-page\" data-elementor-id=\"638\" class=\"elementor elementor-638\" data-elementor-post-type=\"page\">\n\t\t\t\t<div class=\"elementor-element elementor-element-6d166f2 e-flex e-con-boxed e-con e-parent\" data-id=\"6d166f2\" data-element_type=\"container\" data-e-type=\"container\" data-settings=\"{&quot;background_background&quot;:&quot;classic&quot;}\">\n\t\t\t\t\t<div class=\"e-con-inner\">\n\t\t<div class=\"elementor-element elementor-element-b85e99d e-con-full e-flex e-con e-child\" data-id=\"b85e99d\" data-element_type=\"container\" data-e-type=\"container\">\n\t\t\t\t<div class=\"elementor-element elementor-element-f36146b elementor-widget elementor-widget-image\" data-id=\"f36146b\" data-element_type=\"widget\" data-e-type=\"widget\" data-widget_type=\"image.default\">\n\t\t\t\t<div class=\"elementor-widget-container\">\n\t\t\t\t\t\t\t\t\t\t\t\t\t\t\t<img decoding=\"async\" width=\"110\" height=\"110\" src=\"https:\/\/www.noemis-group.com\/wp-content\/uploads\/2024\/07\/NCS-scaline-1.png\" class=\"attachment-full size-full wp-image-686\" alt=\"NCS Scaline logo\" \/>\t\t\t\t\t\t\t\t\t\t\t\t\t\t\t<\/div>\n\t\t\t\t<\/div>\n\t\t\t\t<\/div>\n\t\t<div class=\"elementor-element elementor-element-874d58a e-con-full e-flex e-con e-child\" data-id=\"874d58a\" data-element_type=\"container\" data-e-type=\"container\">\n\t\t\t\t<div class=\"elementor-element elementor-element-2a79cf0 elementor-widget elementor-widget-heading\" data-id=\"2a79cf0\" data-element_type=\"widget\" data-e-type=\"widget\" data-widget_type=\"heading.default\">\n\t\t\t\t<div class=\"elementor-widget-container\">\n\t\t\t\t\t<h1 class=\"elementor-heading-title elementor-size-default\">NCS Scaline joins Noemis group<\/h1>\t\t\t\t<\/div>\n\t\t\t\t<\/div>\n\t\t\t\t<div class=\"elementor-element elementor-element-ab6da33 elementor-widget elementor-widget-text-editor\" data-id=\"ab6da33\" data-element_type=\"widget\" data-e-type=\"widget\" data-widget_type=\"text-editor.default\">\n\t\t\t\t<div class=\"elementor-widget-container\">\n\t\t\t\t\t\t\t\t\t<p>NCS SCALINE joins Noemis group : Noemis group announces that it has acquired 100% of the capital of the company National Control Systems S.A, parent company of the NCS Scaline group.<\/p>\t\t\t\t\t\t\t\t<\/div>\n\t\t\t\t<\/div>\n\t\t\t\t<\/div>\n\t\t\t\t\t<\/div>\n\t\t\t\t<\/div>\n\t\t<div class=\"elementor-element elementor-element-34c8462 e-flex e-con-boxed e-con e-parent\" data-id=\"34c8462\" data-element_type=\"container\" data-e-type=\"container\" data-settings=\"{&quot;background_background&quot;:&quot;classic&quot;}\">\n\t\t\t\t\t<div class=\"e-con-inner\">\n\t\t\t\t<div class=\"elementor-element elementor-element-f23ad07 elementor-hidden-mobile elementor-widget elementor-widget-spacer\" data-id=\"f23ad07\" data-element_type=\"widget\" data-e-type=\"widget\" data-widget_type=\"spacer.default\">\n\t\t\t\t<div class=\"elementor-widget-container\">\n\t\t\t\t\t\t\t<div class=\"elementor-spacer\">\n\t\t\t<div class=\"elementor-spacer-inner\"><\/div>\n\t\t<\/div>\n\t\t\t\t\t\t<\/div>\n\t\t\t\t<\/div>\n\t\t\t\t\t<\/div>\n\t\t\t\t<\/div>\n\t\t<div class=\"elementor-element elementor-element-7a58a10 e-flex e-con-boxed e-con e-parent\" data-id=\"7a58a10\" data-element_type=\"container\" data-e-type=\"container\">\n\t\t\t\t\t<div class=\"e-con-inner\">\n\t\t\t\t<div class=\"elementor-element elementor-element-f55e873 elementor-widget elementor-widget-image\" data-id=\"f55e873\" data-element_type=\"widget\" data-e-type=\"widget\" data-widget_type=\"image.default\">\n\t\t\t\t<div class=\"elementor-widget-container\">\n\t\t\t\t\t\t\t\t\t\t\t\t\t\t\t<img fetchpriority=\"high\" decoding=\"async\" width=\"1108\" height=\"658\" src=\"https:\/\/www.noemis-group.com\/wp-content\/uploads\/2024\/07\/Group-223-1.png\" class=\"attachment-full size-full wp-image-1332\" alt=\"\" srcset=\"https:\/\/www.noemis-group.com\/wp-content\/uploads\/2024\/07\/Group-223-1.png 1108w, https:\/\/www.noemis-group.com\/wp-content\/uploads\/2024\/07\/Group-223-1-300x178.png 300w, https:\/\/www.noemis-group.com\/wp-content\/uploads\/2024\/07\/Group-223-1-1024x608.png 1024w, https:\/\/www.noemis-group.com\/wp-content\/uploads\/2024\/07\/Group-223-1-768x456.png 768w, https:\/\/www.noemis-group.com\/wp-content\/uploads\/2024\/07\/Group-223-1-18x12.png 18w\" sizes=\"(max-width: 1108px) 100vw, 1108px\" \/>\t\t\t\t\t\t\t\t\t\t\t\t\t\t\t<\/div>\n\t\t\t\t<\/div>\n\t\t\t\t\t<\/div>\n\t\t\t\t<\/div>\n\t\t<div class=\"elementor-element elementor-element-1d0774c e-flex e-con-boxed e-con e-parent\" data-id=\"1d0774c\" data-element_type=\"container\" data-e-type=\"container\">\n\t\t\t\t\t<div class=\"e-con-inner\">\n\t\t\t\t<div class=\"elementor-element elementor-element-36ffba8 elementor-widget elementor-widget-spacer\" data-id=\"36ffba8\" data-element_type=\"widget\" data-e-type=\"widget\" data-widget_type=\"spacer.default\">\n\t\t\t\t<div class=\"elementor-widget-container\">\n\t\t\t\t\t\t\t<div class=\"elementor-spacer\">\n\t\t\t<div class=\"elementor-spacer-inner\"><\/div>\n\t\t<\/div>\n\t\t\t\t\t\t<\/div>\n\t\t\t\t<\/div>\n\t\t\t\t\t<\/div>\n\t\t\t\t<\/div>\n\t\t<div class=\"elementor-element elementor-element-45adfa8 e-flex e-con-boxed e-con e-parent\" data-id=\"45adfa8\" data-element_type=\"container\" data-e-type=\"container\">\n\t\t\t\t\t<div class=\"e-con-inner\">\n\t\t<div class=\"elementor-element elementor-element-259f3a8 e-con-full e-flex e-con e-child\" data-id=\"259f3a8\" data-element_type=\"container\" data-e-type=\"container\">\n\t\t\t\t<\/div>\n\t\t<div class=\"elementor-element elementor-element-c8beb35 e-con-full e-flex e-con e-child\" data-id=\"c8beb35\" data-element_type=\"container\" data-e-type=\"container\">\n\t\t\t\t<div class=\"elementor-element elementor-element-2e41f90 elementor-widget elementor-widget-heading\" data-id=\"2e41f90\" data-element_type=\"widget\" data-e-type=\"widget\" data-widget_type=\"heading.default\">\n\t\t\t\t<div class=\"elementor-widget-container\">\n\t\t\t\t\t<h2 class=\"elementor-heading-title elementor-size-default\">Acquisition of 100% of the NCS Scaline capital<\/h2>\t\t\t\t<\/div>\n\t\t\t\t<\/div>\n\t\t\t\t<div class=\"elementor-element elementor-element-2a5330b elementor-widget elementor-widget-text-editor\" data-id=\"2a5330b\" data-element_type=\"widget\" data-e-type=\"widget\" data-widget_type=\"text-editor.default\">\n\t\t\t\t<div class=\"elementor-widget-container\">\n\t\t\t\t\t\t\t\t\t<p>NOEMIS Group announces that it has purchased 100% of the capital of the company National Control Systems S.A, parent company of the NCS Scaline group. NCS Scaline is a Belgian manufacturer founded in 1985. The company was pioneer in the field of design and distribution of electronic access control and security management solutions.<\/p><p>Established in Belgium, Luxembourg and France, the company offers its SC4x5\u2122 automation range and its SCNET4\u2122 access control management software to meet the highest requirements in this area.<\/p><p>NCS Scaline is also recognized for its technical support through the BUILD\u2122 method, allowing its customers and partners to receive a factory-preconfigured system, equipped with detailed connection plans, saving considerable time while eliminating sources wiring errors.<\/p>\t\t\t\t\t\t\t\t<\/div>\n\t\t\t\t<\/div>\n\t\t\t\t<div class=\"elementor-element elementor-element-6d32fc0 elementor-widget elementor-widget-heading\" data-id=\"6d32fc0\" data-element_type=\"widget\" data-e-type=\"widget\" data-widget_type=\"heading.default\">\n\t\t\t\t<div class=\"elementor-widget-container\">\n\t\t\t\t\t<h2 class=\"elementor-heading-title elementor-size-default\">A strategic step for Noemis group<\/h2>\t\t\t\t<\/div>\n\t\t\t\t<\/div>\n\t\t\t\t<div class=\"elementor-element elementor-element-6ae7485 elementor-widget elementor-widget-text-editor\" data-id=\"6ae7485\" data-element_type=\"widget\" data-e-type=\"widget\" data-widget_type=\"text-editor.default\">\n\t\t\t\t<div class=\"elementor-widget-container\">\n\t\t\t\t\t\t\t\t\t<p>This merger represents a strategic step for NCS Scaline, aiming to strengthen its position in the access control market while continuing to develop ever more innovative solutions adapted to market needs.<\/p><p>The management of the company will be ensured for France by Guillaume D\u00e9an as Managing Director, he will be able to lean on Jean-Claude Mac\u00e9, its founder in charge of operations for Belgium.<\/p>\t\t\t\t\t\t\t\t<\/div>\n\t\t\t\t<\/div>\n\t\t\t\t<div class=\"elementor-element elementor-element-9020771 elementor-mobile-align-center elementor-widget elementor-widget-button\" data-id=\"9020771\" data-element_type=\"widget\" data-e-type=\"widget\" data-widget_type=\"button.default\">\n\t\t\t\t<div class=\"elementor-widget-container\">\n\t\t\t\t\t\t\t\t\t<div class=\"elementor-button-wrapper\">\n\t\t\t\t\t<a class=\"elementor-button elementor-button-link elementor-size-sm\" href=\"https:\/\/www.noemis-group.com\/wp-content\/uploads\/2024\/07\/NOEMIS-Group_Communique_de_presse_220724.pdf\">\n\t\t\t\t\t\t<span class=\"elementor-button-content-wrapper\">\n\t\t\t\t\t\t\t\t\t<span class=\"elementor-button-text\">Download press release<\/span>\n\t\t\t\t\t<\/span>\n\t\t\t\t\t<\/a>\n\t\t\t\t<\/div>\n\t\t\t\t\t\t\t\t<\/div>\n\t\t\t\t<\/div>\n\t\t\t\t<\/div>\n\t\t\t\t\t<\/div>\n\t\t\t\t<\/div>\n\t\t<div class=\"elementor-element elementor-element-ce51ed1 e-flex e-con-boxed e-con e-parent\" data-id=\"ce51ed1\" data-element_type=\"container\" data-e-type=\"container\">\n\t\t\t\t\t<div class=\"e-con-inner\">\n\t\t\t\t<div class=\"elementor-element elementor-element-c2f4701 elementor-widget elementor-widget-spacer\" data-id=\"c2f4701\" data-element_type=\"widget\" data-e-type=\"widget\" data-widget_type=\"spacer.default\">\n\t\t\t\t<div class=\"elementor-widget-container\">\n\t\t\t\t\t\t\t<div class=\"elementor-spacer\">\n\t\t\t<div class=\"elementor-spacer-inner\"><\/div>\n\t\t<\/div>\n\t\t\t\t\t\t<\/div>\n\t\t\t\t<\/div>\n\t\t\t\t\t<\/div>\n\t\t\t\t<\/div>\n\t\t\t\t<\/div>","protected":false},"excerpt":{"rendered":"<p>NCS SCALINE joins Noemis group : Noemis group announces that it has acquired 100% of the capital of the company National Control Systems S.A, parent company of the NCS Scaline group.<\/p>","protected":false},"author":1,"featured_media":703,"parent":0,"menu_order":0,"comment_status":"closed","ping_status":"closed","template":"elementor_header_footer","meta":{"footnotes":""},"class_list":["post-638","page","type-page","status-publish","has-post-thumbnail","hentry"],"yoast_head":"<!-- This site is optimized with the Yoast SEO plugin v25.4 - https:\/\/yoast.com\/wordpress\/plugins\/seo\/ -->\n<title>Actualit\u00e9 NCS Scaline - Noemis group<\/title>\n<meta name=\"robots\" content=\"index, follow, max-snippet:-1, max-image-preview:large, max-video-preview:-1\" \/>\n<link rel=\"canonical\" href=\"https:\/\/www.noemis-group.com\/en\/ncs-scaline\/\" \/>\n<meta property=\"og:locale\" content=\"en_GB\" \/>\n<meta property=\"og:type\" content=\"article\" \/>\n<meta property=\"og:title\" content=\"Actualit\u00e9 NCS Scaline - Noemis group\" \/>\n<meta property=\"og:description\" content=\"NCS SCALINE rejoint Noemis group : Noemis group annonce avoir rachet\u00e9 100 % du capital de la soci\u00e9t\u00e9 National Control Systems S.A, soci\u00e9t\u00e9 m\u00e8re du groupe NCS Scaline.\" \/>\n<meta property=\"og:url\" content=\"https:\/\/www.noemis-group.com\/en\/ncs-scaline\/\" \/>\n<meta property=\"og:site_name\" content=\"Noemis group\" \/>\n<meta property=\"article:modified_time\" content=\"2024-07-29T13:58:02+00:00\" \/>\n<meta property=\"og:image\" content=\"https:\/\/www.noemis-group.com\/wp-content\/uploads\/2024\/07\/visuel-article-scaline-2.png\" \/>\n\t<meta property=\"og:image:width\" content=\"1108\" \/>\n\t<meta property=\"og:image:height\" content=\"658\" \/>\n\t<meta property=\"og:image:type\" content=\"image\/png\" \/>\n<meta name=\"twitter:card\" content=\"summary_large_image\" \/>\n<meta name=\"twitter:label1\" content=\"Estimated reading time\" \/>\n\t<meta name=\"twitter:data1\" content=\"1 minute\" \/>\n<script type=\"application\/ld+json\" class=\"yoast-schema-graph\">{\"@context\":\"https:\/\/schema.org\",\"@graph\":[{\"@type\":\"WebPage\",\"@id\":\"https:\/\/www.noemis-group.com\/ncs-scaline\/\",\"url\":\"https:\/\/www.noemis-group.com\/ncs-scaline\/\",\"name\":\"Actualit\u00e9 NCS Scaline - Noemis group\",\"isPartOf\":{\"@id\":\"https:\/\/www.noemis-group.com\/#website\"},\"primaryImageOfPage\":{\"@id\":\"https:\/\/www.noemis-group.com\/ncs-scaline\/#primaryimage\"},\"image\":{\"@id\":\"https:\/\/www.noemis-group.com\/ncs-scaline\/#primaryimage\"},\"thumbnailUrl\":\"https:\/\/www.noemis-group.com\/wp-content\/uploads\/2024\/07\/visuel-article-scaline-2.png\",\"datePublished\":\"2024-07-26T10:00:31+00:00\",\"dateModified\":\"2024-07-29T13:58:02+00:00\",\"breadcrumb\":{\"@id\":\"https:\/\/www.noemis-group.com\/ncs-scaline\/#breadcrumb\"},\"inLanguage\":\"en-GB\",\"potentialAction\":[{\"@type\":\"ReadAction\",\"target\":[\"https:\/\/www.noemis-group.com\/ncs-scaline\/\"]}]},{\"@type\":\"ImageObject\",\"inLanguage\":\"en-GB\",\"@id\":\"https:\/\/www.noemis-group.com\/ncs-scaline\/#primaryimage\",\"url\":\"https:\/\/www.noemis-group.com\/wp-content\/uploads\/2024\/07\/visuel-article-scaline-2.png\",\"contentUrl\":\"https:\/\/www.noemis-group.com\/wp-content\/uploads\/2024\/07\/visuel-article-scaline-2.png\",\"width\":1108,\"height\":658,\"caption\":\"noemis group ncs scaline\"},{\"@type\":\"BreadcrumbList\",\"@id\":\"https:\/\/www.noemis-group.com\/ncs-scaline\/#breadcrumb\",\"itemListElement\":[{\"@type\":\"ListItem\",\"position\":1,\"name\":\"Accueil\",\"item\":\"https:\/\/www.noemis-group.com\/\"},{\"@type\":\"ListItem\",\"position\":2,\"name\":\"Actualit\u00e9 NCS Scaline\"}]},{\"@type\":\"WebSite\",\"@id\":\"https:\/\/www.noemis-group.com\/#website\",\"url\":\"https:\/\/www.noemis-group.com\/\",\"name\":\"Noemis group\",\"description\":\"\",\"publisher\":{\"@id\":\"https:\/\/www.noemis-group.com\/#organization\"},\"potentialAction\":[{\"@type\":\"SearchAction\",\"target\":{\"@type\":\"EntryPoint\",\"urlTemplate\":\"https:\/\/www.noemis-group.com\/?s={search_term_string}\"},\"query-input\":{\"@type\":\"PropertyValueSpecification\",\"valueRequired\":true,\"valueName\":\"search_term_string\"}}],\"inLanguage\":\"en-GB\"},{\"@type\":\"Organization\",\"@id\":\"https:\/\/www.noemis-group.com\/#organization\",\"name\":\"Noemis group\",\"url\":\"https:\/\/www.noemis-group.com\/\",\"logo\":{\"@type\":\"ImageObject\",\"inLanguage\":\"en-GB\",\"@id\":\"https:\/\/www.noemis-group.com\/#\/schema\/logo\/image\/\",\"url\":\"https:\/\/www.noemis-group.com\/wp-content\/uploads\/2024\/07\/Logo-NOmeis-PRESTAA.png\",\"contentUrl\":\"https:\/\/www.noemis-group.com\/wp-content\/uploads\/2024\/07\/Logo-NOmeis-PRESTAA.png\",\"width\":350,\"height\":101,\"caption\":\"Noemis group\"},\"image\":{\"@id\":\"https:\/\/www.noemis-group.com\/#\/schema\/logo\/image\/\"},\"sameAs\":[\"https:\/\/www.linkedin.com\/company\/104331667\/\"]}]}<\/script>\n<!-- \/ Yoast SEO plugin. -->","yoast_head_json":{"title":"Actualit\u00e9 NCS Scaline - Noemis group","robots":{"index":"index","follow":"follow","max-snippet":"max-snippet:-1","max-image-preview":"max-image-preview:large","max-video-preview":"max-video-preview:-1"},"canonical":"https:\/\/www.noemis-group.com\/en\/ncs-scaline\/","og_locale":"en_GB","og_type":"article","og_title":"Actualit\u00e9 NCS Scaline - Noemis group","og_description":"NCS SCALINE rejoint Noemis group : Noemis group annonce avoir rachet\u00e9 100 % du capital de la soci\u00e9t\u00e9 National Control Systems S.A, soci\u00e9t\u00e9 m\u00e8re du groupe NCS Scaline.","og_url":"https:\/\/www.noemis-group.com\/en\/ncs-scaline\/","og_site_name":"Noemis group","article_modified_time":"2024-07-29T13:58:02+00:00","og_image":[{"width":1108,"height":658,"url":"https:\/\/www.noemis-group.com\/wp-content\/uploads\/2024\/07\/visuel-article-scaline-2.png","type":"image\/png"}],"twitter_card":"summary_large_image","twitter_misc":{"Estimated reading time":"1 minute"},"schema":{"@context":"https:\/\/schema.org","@graph":[{"@type":"WebPage","@id":"https:\/\/www.noemis-group.com\/ncs-scaline\/","url":"https:\/\/www.noemis-group.com\/ncs-scaline\/","name":"Actualit\u00e9 NCS Scaline - Noemis group","isPartOf":{"@id":"https:\/\/www.noemis-group.com\/#website"},"primaryImageOfPage":{"@id":"https:\/\/www.noemis-group.com\/ncs-scaline\/#primaryimage"},"image":{"@id":"https:\/\/www.noemis-group.com\/ncs-scaline\/#primaryimage"},"thumbnailUrl":"https:\/\/www.noemis-group.com\/wp-content\/uploads\/2024\/07\/visuel-article-scaline-2.png","datePublished":"2024-07-26T10:00:31+00:00","dateModified":"2024-07-29T13:58:02+00:00","breadcrumb":{"@id":"https:\/\/www.noemis-group.com\/ncs-scaline\/#breadcrumb"},"inLanguage":"en-GB","potentialAction":[{"@type":"ReadAction","target":["https:\/\/www.noemis-group.com\/ncs-scaline\/"]}]},{"@type":"ImageObject","inLanguage":"en-GB","@id":"https:\/\/www.noemis-group.com\/ncs-scaline\/#primaryimage","url":"https:\/\/www.noemis-group.com\/wp-content\/uploads\/2024\/07\/visuel-article-scaline-2.png","contentUrl":"https:\/\/www.noemis-group.com\/wp-content\/uploads\/2024\/07\/visuel-article-scaline-2.png","width":1108,"height":658,"caption":"noemis group ncs scaline"},{"@type":"BreadcrumbList","@id":"https:\/\/www.noemis-group.com\/ncs-scaline\/#breadcrumb","itemListElement":[{"@type":"ListItem","position":1,"name":"Accueil","item":"https:\/\/www.noemis-group.com\/"},{"@type":"ListItem","position":2,"name":"Actualit\u00e9 NCS Scaline"}]},{"@type":"WebSite","@id":"https:\/\/www.noemis-group.com\/#website","url":"https:\/\/www.noemis-group.com\/","name":"Noemis group","description":"","publisher":{"@id":"https:\/\/www.noemis-group.com\/#organization"},"potentialAction":[{"@type":"SearchAction","target":{"@type":"EntryPoint","urlTemplate":"https:\/\/www.noemis-group.com\/?s={search_term_string}"},"query-input":{"@type":"PropertyValueSpecification","valueRequired":true,"valueName":"search_term_string"}}],"inLanguage":"en-GB"},{"@type":"Organization","@id":"https:\/\/www.noemis-group.com\/#organization","name":"Noemis group","url":"https:\/\/www.noemis-group.com\/","logo":{"@type":"ImageObject","inLanguage":"en-GB","@id":"https:\/\/www.noemis-group.com\/#\/schema\/logo\/image\/","url":"https:\/\/www.noemis-group.com\/wp-content\/uploads\/2024\/07\/Logo-NOmeis-PRESTAA.png","contentUrl":"https:\/\/www.noemis-group.com\/wp-content\/uploads\/2024\/07\/Logo-NOmeis-PRESTAA.png","width":350,"height":101,"caption":"Noemis group"},"image":{"@id":"https:\/\/www.noemis-group.com\/#\/schema\/logo\/image\/"},"sameAs":["https:\/\/www.linkedin.com\/company\/104331667\/"]}]}},"_links":{"self":[{"href":"https:\/\/www.noemis-group.com\/en\/wp-json\/wp\/v2\/pages\/638","targetHints":{"allow":["GET"]}}],"collection":[{"href":"https:\/\/www.noemis-group.com\/en\/wp-json\/wp\/v2\/pages"}],"about":[{"href":"https:\/\/www.noemis-group.com\/en\/wp-json\/wp\/v2\/types\/page"}],"author":[{"embeddable":true,"href":"https:\/\/www.noemis-group.com\/en\/wp-json\/wp\/v2\/users\/1"}],"replies":[{"embeddable":true,"href":"https:\/\/www.noemis-group.com\/en\/wp-json\/wp\/v2\/comments?post=638"}],"version-history":[{"count":133,"href":"https:\/\/www.noemis-group.com\/en\/wp-json\/wp\/v2\/pages\/638\/revisions"}],"predecessor-version":[{"id":1348,"href":"https:\/\/www.noemis-group.com\/en\/wp-json\/wp\/v2\/pages\/638\/revisions\/1348"}],"wp:featuredmedia":[{"embeddable":true,"href":"https:\/\/www.noemis-group.com\/en\/wp-json\/wp\/v2\/media\/703"}],"wp:attachment":[{"href":"https:\/\/www.noemis-group.com\/en\/wp-json\/wp\/v2\/media?parent=638"}],"curies":[{"name":"wp","href":"https:\/\/api.w.org\/{rel}","templated":true}]}}